{"id":4131,"date":"2023-02-02T13:20:21","date_gmt":"2023-02-02T12:20:21","guid":{"rendered":"https:\/\/laserestheticcare.be\/?page_id=4131"},"modified":"2023-02-15T16:16:01","modified_gmt":"2023-02-15T15:16:01","slug":"a-propos","status":"publish","type":"page","link":"https:\/\/laserestheticcare.be\/index.php\/a-propos\/","title":{"rendered":"A propos"},"content":{"rendered":"\t\t<div data-elementor-type=\"wp-page\" data-elementor-id=\"4131\" class=\"elementor elementor-4131\">\n\t\t\t\t\t\t<section class=\"elementor-section elementor-top-section elementor-element elementor-element-aa6b51d elementor-section-full_width elementor-section-height-default elementor-section-height-default\" data-id=\"aa6b51d\" data-element_type=\"section\" data-settings=\"{&quot;background_background&quot;:&quot;classic&quot;}\">\n\t\t\t\t\t\t\t<div class=\"elementor-background-overlay\"><\/div>\n\t\t\t\t\t\t\t<div class=\"elementor-container elementor-column-gap-default\">\n\t\t\t\t\t<div class=\"elementor-column elementor-col-100 elementor-top-column elementor-element elementor-element-75e88e7\" data-id=\"75e88e7\" data-element_type=\"column\">\n\t\t\t<div class=\"elementor-widget-wrap elementor-element-populated\">\n\t\t\t\t\t\t<div class=\"elementor-element elementor-element-4049c52 elementor-widget elementor-widget-spacer\" data-id=\"4049c52\" data-element_type=\"widget\" data-widget_type=\"spacer.default\">\n\t\t\t\t<div class=\"elementor-widget-container\">\n\t\t\t\t\t<div class=\"elementor-spacer\">\n\t\t\t<div class=\"elementor-spacer-inner\"><\/div>\n\t\t<\/div>\n\t\t\t\t<\/div>\n\t\t\t\t<\/div>\n\t\t\t\t<div class=\"elementor-element elementor-element-ee211d8 elementor-widget elementor-widget-heading\" data-id=\"ee211d8\" data-element_type=\"widget\" data-widget_type=\"heading.default\">\n\t\t\t\t<div class=\"elementor-widget-container\">\n\t\t\t<h1 class=\"elementor-heading-title elementor-size-xl\">A propos de nous\u00a0?<\/h1>\t\t<\/div>\n\t\t\t\t<\/div>\n\t\t\t\t<div class=\"elementor-element elementor-element-d81335a elementor-widget elementor-widget-spacer\" data-id=\"d81335a\" data-element_type=\"widget\" data-widget_type=\"spacer.default\">\n\t\t\t\t<div class=\"elementor-widget-container\">\n\t\t\t\t\t<div class=\"elementor-spacer\">\n\t\t\t<div class=\"elementor-spacer-inner\"><\/div>\n\t\t<\/div>\n\t\t\t\t<\/div>\n\t\t\t\t<\/div>\n\t\t\t\t\t<\/div>\n\t\t<\/div>\n\t\t\t\t\t<\/div>\n\t\t<\/section>\n\t\t\t\t<section class=\"elementor-section elementor-top-section elementor-element elementor-element-4ddbb6d elementor-section-boxed elementor-section-height-default elementor-section-height-default\" data-id=\"4ddbb6d\" data-element_type=\"section\" data-settings=\"{&quot;background_background&quot;:&quot;classic&quot;}\">\n\t\t\t\t\t\t<div class=\"elementor-container elementor-column-gap-no\">\n\t\t\t\t\t<div class=\"elementor-column elementor-col-50 elementor-top-column elementor-element elementor-element-ac8f5a3\" data-id=\"ac8f5a3\" data-element_type=\"column\" data-settings=\"{&quot;background_background&quot;:&quot;classic&quot;}\">\n\t\t\t<div class=\"elementor-widget-wrap elementor-element-populated\">\n\t\t\t\t\t\t<div class=\"elementor-element elementor-element-d50f73c elementor-widget-tablet__width-auto elementor-invisible elementor-widget elementor-widget-mellis_elementor_image\" data-id=\"d50f73c\" data-element_type=\"widget\" data-settings=\"{&quot;_animation&quot;:&quot;ova-scale-up&quot;,&quot;_animation_tablet&quot;:&quot;none&quot;}\" data-widget_type=\"mellis_elementor_image.default\">\n\t\t\t\t<div class=\"elementor-widget-container\">\n\t\t\t\n\n\t\t\t\t\t<div class=\"image-box template_2\">\n\t\t\t\t<div class=\"ova-img\">\n\t\t\t\t \t<img decoding=\"async\" src=\"http:\/\/laserestheticcare.be\/wp-content\/uploads\/2023\/02\/woman-in-cosmetology-studio-on-laser-hair-removal-scaled.jpg\" alt=\"\">\n\t\t\t\t \t\t\t\t\t \t\t<div class=\"line-left line\"><\/div>\n\t\t\t\t \t\t\t\t\t \t\t\t\t\t \t\t<div class=\"line-right line\"><\/div>\n\t\t\t\t \t\t\t\t\t<\/div>\n\t\t\t<\/div>\n\t\t\t\t \t\n\t\t\t\t<\/div>\n\t\t\t\t<\/div>\n\t\t\t\t\t<\/div>\n\t\t<\/div>\n\t\t\t\t<div class=\"elementor-column elementor-col-50 elementor-top-column elementor-element elementor-element-3fe1f6e elementor-invisible\" data-id=\"3fe1f6e\" data-element_type=\"column\" data-settings=\"{&quot;animation&quot;:&quot;ova-move-right&quot;,&quot;animation_tablet&quot;:&quot;none&quot;,&quot;animation_delay&quot;:300}\">\n\t\t\t<div class=\"elementor-widget-wrap elementor-element-populated\">\n\t\t\t\t\t\t<div class=\"elementor-element elementor-element-66ef891 elementor-widget elementor-widget-mellis_elementor_heading\" data-id=\"66ef891\" data-element_type=\"widget\" data-widget_type=\"mellis_elementor_heading.default\">\n\t\t\t\t<div class=\"elementor-widget-container\">\n\t\t\t\t\t<div class=\"ova-title \">\n\n\t\t\t\t\t\t\t<h3 class=\"sub-title\">A propos de nous<\/h3>\n\t\t\t\n\t\t\t\t\t\t\t\n\t\t\t\t\t\t\t<h2 class=\"title\">\n\n\t\t\t\t\t\t\t\tVotre centre esth\u00e9tique situ\u00e9 \u00e0 Saint-Gilles\u00a0!\n\t\t\t\t\t\t\t\t \n\n\t\t\t\t\t\t\t<\/h2>\n\t\t\t\t\t\t\t\n\t\t\t\n\t\t\t\t\t\t\t<p class=\"description\"> Depuis 2010, notre centre d\u2019esth\u00e9tique Laser &amp; Esth\u00e9tic Care situ\u00e9 \u00e0 Saint-Gilles non loin de Bruxelles vous propose son service d\u2019\u00e9pilation au laser d\u00e9finitive. L\u2019ensemble de nos patients sont pris en charge par un m\u00e9decin esth\u00e9tique afin de vous garantir des conseils et des interventions esth\u00e9tiques efficientes, en toute s\u00e9curit\u00e9 pour votre sant\u00e9. \n <\/p>\n\t\t\t\n\t\t<\/div>\n\t\t \t\n\n\t\t\t\t<\/div>\n\t\t\t\t<\/div>\n\t\t\t\t\t<\/div>\n\t\t<\/div>\n\t\t\t\t\t<\/div>\n\t\t<\/section>\n\t\t\t\t<section class=\"elementor-section elementor-top-section elementor-element elementor-element-9e0926e elementor-section-boxed elementor-section-height-default elementor-section-height-default\" data-id=\"9e0926e\" data-element_type=\"section\" data-settings=\"{&quot;background_background&quot;:&quot;classic&quot;}\">\n\t\t\t\t\t\t<div class=\"elementor-container elementor-column-gap-default\">\n\t\t\t\t\t<div class=\"elementor-column elementor-col-100 elementor-top-column elementor-element elementor-element-bdfff02\" data-id=\"bdfff02\" data-element_type=\"column\">\n\t\t\t<div class=\"elementor-widget-wrap elementor-element-populated\">\n\t\t\t\t\t\t<div class=\"elementor-element elementor-element-f531e3a elementor-invisible elementor-widget elementor-widget-mellis_elementor_heading\" data-id=\"f531e3a\" data-element_type=\"widget\" data-settings=\"{&quot;_animation&quot;:&quot;ova-move-down&quot;,&quot;_animation_tablet&quot;:&quot;none&quot;}\" data-widget_type=\"mellis_elementor_heading.default\">\n\t\t\t\t<div class=\"elementor-widget-container\">\n\t\t\t\t\t<div class=\"ova-title \">\n\n\t\t\t\t\t\t\t<h3 class=\"sub-title\">Les avantages<\/h3>\n\t\t\t\n\t\t\t\t\t\t\t\n\t\t\t\t\t\t\t<h2 class=\"title\">\n\n\t\t\t\t\t\t\t\tL&#039;\u00e9pilation laser\t\t\t\t\t\t\t\t \n\n\t\t\t\t\t\t\t<\/h2>\n\t\t\t\t\t\t\t\n\t\t\t\n\t\t\t\n\t\t<\/div>\n\t\t \t\n\n\t\t\t\t<\/div>\n\t\t\t\t<\/div>\n\t\t\t\t<div class=\"elementor-element elementor-element-bba3f7e elementor-widget elementor-widget-mellis_elementor_process\" data-id=\"bba3f7e\" data-element_type=\"widget\" data-widget_type=\"mellis_elementor_process.default\">\n\t\t\t\t<div class=\"elementor-widget-container\">\n\t\t\t\n\t\t \t<div class=\"ova-process three_column\">\n\n\t\t \t\t\n\t\t\t\t    <div class=\"item-process ova-invisible\" data-animation='{\"animation\":\"ova-move-left\",\"duration\":\"\",\"delay\":100}'>\n\n\t                    <div class=\"image-process\">\n\t\t\t\t \t\t\t\t\t\t\t            \t<span class=\"text_number\">01<\/span>\n\t\t\t\t          \t\t\t\t                \n\t\t\t                \t\t\t\t\t\t\t\t<img decoding=\"async\" src=\"http:\/\/laserestheticcare.be\/wp-content\/uploads\/2023\/01\/epilation.jpg\" alt=\"Efficacit\u00e9\">\n\t\t\t\t            \t\t\t\t \t\t<\/div>\n\n\t\t\t\t \t\t<div class=\"info\">\n\n\t\t\t\t \t\t\t\t\t\t\t\t            \t\t\t\t\t\t\t\t\t<h4 class=\"title\">\n\t\t\t\t\t\t\t\t\t\tEfficacit\u00e9\t\t\t\t\t\t\t\t\t<\/h4>\n\t\t\t\t\t\t\t\t\t\t\t\t\t\t\t\n\t\t\t\t\t\t\t  \n\t\t\t\t \t\t<\/div>\n\n\t                <\/div>\n\n\t            \n\t\t\t\t    <div class=\"item-process ova-invisible\" data-animation='{\"animation\":\"ova-move-left\",\"duration\":\"\",\"delay\":300}'>\n\n\t                    <div class=\"image-process\">\n\t\t\t\t \t\t\t\t\t\t\t            \t<span class=\"text_number\">02<\/span>\n\t\t\t\t          \t\t\t\t                \n\t\t\t                \t\t\t\t\t\t\t\t<img decoding=\"async\" src=\"http:\/\/laserestheticcare.be\/wp-content\/uploads\/2023\/01\/epilation-1.jpg\" alt=\"Durabilit\u00e9\">\n\t\t\t\t            \t\t\t\t \t\t<\/div>\n\n\t\t\t\t \t\t<div class=\"info\">\n\n\t\t\t\t \t\t\t\t\t\t\t\t            \t\t\t\t\t\t\t\t\t<h4 class=\"title\">\n\t\t\t\t\t\t\t\t\t\tDurabilit\u00e9\t\t\t\t\t\t\t\t\t<\/h4>\n\t\t\t\t\t\t\t\t\t\t\t\t\t\t\t\n\t\t\t\t\t\t\t  \n\t\t\t\t \t\t<\/div>\n\n\t                <\/div>\n\n\t            \n\t\t\t\t    <div class=\"item-process ova-invisible\" data-animation='{\"animation\":\"ova-move-left\",\"duration\":\"\",\"delay\":500}'>\n\n\t                    <div class=\"image-process\">\n\t\t\t\t \t\t\t\t\t\t\t            \t<span class=\"text_number\">03<\/span>\n\t\t\t\t          \t\t\t\t                \n\t\t\t                \t\t\t\t\t\t\t\t<img decoding=\"async\" src=\"http:\/\/laserestheticcare.be\/wp-content\/uploads\/2023\/01\/esthetic.jpg\" alt=\"Pr\u00e9cision\">\n\t\t\t\t            \t\t\t\t \t\t<\/div>\n\n\t\t\t\t \t\t<div class=\"info\">\n\n\t\t\t\t \t\t\t\t\t\t\t\t            \t\t\t\t\t\t\t\t\t<h4 class=\"title\">\n\t\t\t\t\t\t\t\t\t\tPr\u00e9cision\t\t\t\t\t\t\t\t\t<\/h4>\n\t\t\t\t\t\t\t\t\t\t\t\t\t\t\t\n\t\t\t\t\t\t\t  \n\t\t\t\t \t\t<\/div>\n\n\t                <\/div>\n\n\t            \n\t\t    <\/div>\n\n\t\t\t\t<\/div>\n\t\t\t\t<\/div>\n\t\t\t\t\t<\/div>\n\t\t<\/div>\n\t\t\t\t\t<\/div>\n\t\t<\/section>\n\t\t\t\t<section class=\"elementor-section elementor-top-section elementor-element elementor-element-0be18f9 elementor-section-boxed elementor-section-height-default elementor-section-height-default\" data-id=\"0be18f9\" data-element_type=\"section\" data-settings=\"{&quot;background_background&quot;:&quot;classic&quot;}\">\n\t\t\t\t\t\t<div class=\"elementor-container elementor-column-gap-no\">\n\t\t\t\t\t<div class=\"elementor-column elementor-col-50 elementor-top-column elementor-element elementor-element-c65c513\" data-id=\"c65c513\" data-element_type=\"column\" data-settings=\"{&quot;background_background&quot;:&quot;classic&quot;}\">\n\t\t\t<div class=\"elementor-widget-wrap elementor-element-populated\">\n\t\t\t\t\t\t<div class=\"elementor-element elementor-element-3c92480 elementor-widget elementor-widget-mellis_elementor_heading\" data-id=\"3c92480\" data-element_type=\"widget\" data-widget_type=\"mellis_elementor_heading.default\">\n\t\t\t\t<div class=\"elementor-widget-container\">\n\t\t\t\t\t<div class=\"ova-title \">\n\n\t\t\t\t\t\t\t<h3 class=\"sub-title\">Une \u00e9quipe de professionnels<\/h3>\n\t\t\t\n\t\t\t\t\t\t\t\n\t\t\t\t\t\t\t<h2 class=\"title\">\n\n\t\t\t\t\t\t\t\tA votre service\t\t\t\t\t\t\t\t \n\n\t\t\t\t\t\t\t<\/h2>\n\t\t\t\t\t\t\t\n\t\t\t\n\t\t\t\t\t\t\t<p class=\"description\"> Gr\u00e2ce \u00e0 notre \u00e9quipe de professionnels exp\u00e9riment\u00e9s et notre engagement envers votre s\u00e9curit\u00e9, vous pouvez \u00eatre s\u00fbr de recevoir des soins de qualit\u00e9 pour un r\u00e9sultat inoubliable\u00a0! De plus, notre exp\u00e9rience nous permet aujourd\u2019hui de proposer l\u2019\u00e9pilation au laser sur les peaux noires et m\u00e9tisses en toute s\u00e9curit\u00e9 par l\u2019utilisation d\u2019un laser adapt\u00e9, le laser  Nd Yag.\n <\/p>\n\t\t\t\n\t\t<\/div>\n\t\t \t\n\n\t\t\t\t<\/div>\n\t\t\t\t<\/div>\n\t\t\t\t\t<\/div>\n\t\t<\/div>\n\t\t\t\t<div class=\"elementor-column elementor-col-50 elementor-top-column elementor-element elementor-element-3faca28 elementor-invisible\" data-id=\"3faca28\" data-element_type=\"column\" data-settings=\"{&quot;animation&quot;:&quot;ova-move-right&quot;,&quot;animation_tablet&quot;:&quot;none&quot;,&quot;animation_delay&quot;:300}\">\n\t\t\t<div class=\"elementor-widget-wrap elementor-element-populated\">\n\t\t\t\t\t\t<div class=\"elementor-element elementor-element-bf4ab4e elementor-widget-tablet__width-auto elementor-invisible elementor-widget elementor-widget-mellis_elementor_image\" data-id=\"bf4ab4e\" data-element_type=\"widget\" data-settings=\"{&quot;_animation&quot;:&quot;ova-scale-up&quot;,&quot;_animation_tablet&quot;:&quot;none&quot;}\" data-widget_type=\"mellis_elementor_image.default\">\n\t\t\t\t<div class=\"elementor-widget-container\">\n\t\t\t\n\n\t\t\t\t\t<div class=\"image-box template_2\">\n\t\t\t\t<div class=\"ova-img\">\n\t\t\t\t \t<img decoding=\"async\" src=\"http:\/\/laserestheticcare.be\/wp-content\/uploads\/2023\/02\/epil.jpg\" alt=\"\">\n\t\t\t\t \t\t\t\t\t \t\t<div class=\"line-left line\"><\/div>\n\t\t\t\t \t\t\t\t\t \t\t\t\t\t \t\t<div class=\"line-right line\"><\/div>\n\t\t\t\t \t\t\t\t\t<\/div>\n\t\t\t<\/div>\n\t\t\t\t \t\n\t\t\t\t<\/div>\n\t\t\t\t<\/div>\n\t\t\t\t\t<\/div>\n\t\t<\/div>\n\t\t\t\t\t<\/div>\n\t\t<\/section>\n\t\t\t\t<\/div>\n\t\t","protected":false},"excerpt":{"rendered":"<p>A propos de nous&nbsp;? A propos de nous Votre centre esth\u00e9tique situ\u00e9 \u00e0 Saint-Gilles&nbsp;! Depuis 2010, notre centre d\u2019esth\u00e9tique Laser &amp; Esth\u00e9tic Care situ\u00e9 \u00e0 Saint-Gilles non loin de Bruxelles vous propose son service d\u2019\u00e9pilation au laser d\u00e9finitive. L\u2019ensemble de nos patients sont pris en charge par un m\u00e9decin esth\u00e9tique afin de vous garantir des [&hellip;]<\/p>\n","protected":false},"author":2,"featured_media":0,"parent":0,"menu_order":0,"comment_status":"closed","ping_status":"open","template":"elementor_header_footer","meta":{"_seopress_robots_primary_cat":"","_seopress_titles_title":"","_seopress_titles_desc":"","_seopress_robots_index":"","footnotes":""},"class_list":["post-4131","page","type-page","status-publish","hentry"],"yoast_head":"<!-- This site is optimized with the Yoast SEO plugin v23.7 - https:\/\/yoast.com\/wordpress\/plugins\/seo\/ -->\n<title>A propos de nous | Epilation laser situ\u00e9 \u00e0 Saint-Gilles<\/title>\n<meta name=\"description\" content=\"Depuis 2010, notre centre d\u2019esth\u00e9tique situ\u00e9 non loin de Bruxelles vous propose son service d\u2019\u00e9pilation au laser d\u00e9finitive.\" \/>\n<meta name=\"robots\" content=\"index, follow, max-snippet:-1, max-image-preview:large, max-video-preview:-1\" \/>\n<link rel=\"canonical\" href=\"https:\/\/laserestheticcare.be\/index.php\/a-propos\/\" \/>\n<meta property=\"og:locale\" content=\"fr_FR\" \/>\n<meta property=\"og:type\" content=\"article\" \/>\n<meta property=\"og:title\" content=\"A propos de nous | Epilation laser situ\u00e9 \u00e0 Saint-Gilles\" \/>\n<meta property=\"og:description\" content=\"Depuis 2010, notre centre d\u2019esth\u00e9tique situ\u00e9 non loin de Bruxelles vous propose son service d\u2019\u00e9pilation au laser d\u00e9finitive.\" \/>\n<meta property=\"og:url\" content=\"https:\/\/laserestheticcare.be\/index.php\/a-propos\/\" \/>\n<meta property=\"og:site_name\" content=\"Laser &amp; Esth\u00e9tic Care\" \/>\n<meta property=\"article:modified_time\" content=\"2023-02-15T15:16:01+00:00\" \/>\n<meta property=\"og:image\" content=\"http:\/\/laserestheticcare.be\/wp-content\/uploads\/2023\/02\/woman-in-cosmetology-studio-on-laser-hair-removal-scaled.jpg\" \/>\n<meta name=\"twitter:card\" content=\"summary_large_image\" \/>\n<meta name=\"twitter:label1\" content=\"Dur\u00e9e de lecture estim\u00e9e\" \/>\n\t<meta name=\"twitter:data1\" content=\"2 minutes\" \/>\n<script type=\"application\/ld+json\" class=\"yoast-schema-graph\">{\"@context\":\"https:\/\/schema.org\",\"@graph\":[{\"@type\":\"WebPage\",\"@id\":\"https:\/\/laserestheticcare.be\/index.php\/a-propos\/\",\"url\":\"https:\/\/laserestheticcare.be\/index.php\/a-propos\/\",\"name\":\"A propos de nous | Epilation laser situ\u00e9 \u00e0 Saint-Gilles\",\"isPartOf\":{\"@id\":\"https:\/\/laserestheticcare.be\/#website\"},\"primaryImageOfPage\":{\"@id\":\"https:\/\/laserestheticcare.be\/index.php\/a-propos\/#primaryimage\"},\"image\":{\"@id\":\"https:\/\/laserestheticcare.be\/index.php\/a-propos\/#primaryimage\"},\"thumbnailUrl\":\"http:\/\/laserestheticcare.be\/wp-content\/uploads\/2023\/02\/woman-in-cosmetology-studio-on-laser-hair-removal-scaled.jpg\",\"datePublished\":\"2023-02-02T12:20:21+00:00\",\"dateModified\":\"2023-02-15T15:16:01+00:00\",\"description\":\"Depuis 2010, notre centre d\u2019esth\u00e9tique situ\u00e9 non loin de Bruxelles vous propose son service d\u2019\u00e9pilation au laser d\u00e9finitive.\",\"breadcrumb\":{\"@id\":\"https:\/\/laserestheticcare.be\/index.php\/a-propos\/#breadcrumb\"},\"inLanguage\":\"fr-FR\",\"potentialAction\":[{\"@type\":\"ReadAction\",\"target\":[\"https:\/\/laserestheticcare.be\/index.php\/a-propos\/\"]}]},{\"@type\":\"ImageObject\",\"inLanguage\":\"fr-FR\",\"@id\":\"https:\/\/laserestheticcare.be\/index.php\/a-propos\/#primaryimage\",\"url\":\"https:\/\/laserestheticcare.be\/wp-content\/uploads\/2023\/02\/woman-in-cosmetology-studio-on-laser-hair-removal-scaled.jpg\",\"contentUrl\":\"https:\/\/laserestheticcare.be\/wp-content\/uploads\/2023\/02\/woman-in-cosmetology-studio-on-laser-hair-removal-scaled.jpg\",\"width\":2560,\"height\":1707,\"caption\":\"Cosmetologist use laser. Woman with cosmetologist. Lady in a beauty studio.\"},{\"@type\":\"BreadcrumbList\",\"@id\":\"https:\/\/laserestheticcare.be\/index.php\/a-propos\/#breadcrumb\",\"itemListElement\":[{\"@type\":\"ListItem\",\"position\":1,\"name\":\"Accueil\",\"item\":\"https:\/\/laserestheticcare.be\/\"},{\"@type\":\"ListItem\",\"position\":2,\"name\":\"A propos\"}]},{\"@type\":\"WebSite\",\"@id\":\"https:\/\/laserestheticcare.be\/#website\",\"url\":\"https:\/\/laserestheticcare.be\/\",\"name\":\"Laser & Esthetic Care\",\"description\":\"Centre d\u2019esth\u00e9tique situ\u00e9 \u00e0 Saint-Gilles\",\"publisher\":{\"@id\":\"https:\/\/laserestheticcare.be\/#organization\"},\"potentialAction\":[{\"@type\":\"SearchAction\",\"target\":{\"@type\":\"EntryPoint\",\"urlTemplate\":\"https:\/\/laserestheticcare.be\/?s={search_term_string}\"},\"query-input\":{\"@type\":\"PropertyValueSpecification\",\"valueRequired\":true,\"valueName\":\"search_term_string\"}}],\"inLanguage\":\"fr-FR\"},{\"@type\":\"Organization\",\"@id\":\"https:\/\/laserestheticcare.be\/#organization\",\"name\":\"Laser & Esthetic Care\",\"url\":\"https:\/\/laserestheticcare.be\/\",\"logo\":{\"@type\":\"ImageObject\",\"inLanguage\":\"fr-FR\",\"@id\":\"https:\/\/laserestheticcare.be\/#\/schema\/logo\/image\/\",\"url\":\"http:\/\/laserestheticcare.be\/wp-content\/uploads\/2023\/01\/logo-laser-care.png\",\"contentUrl\":\"http:\/\/laserestheticcare.be\/wp-content\/uploads\/2023\/01\/logo-laser-care.png\",\"width\":812,\"height\":274,\"caption\":\"Laser & Esthetic Care\"},\"image\":{\"@id\":\"https:\/\/laserestheticcare.be\/#\/schema\/logo\/image\/\"}}]}<\/script>\n<!-- \/ Yoast SEO plugin. -->","yoast_head_json":{"title":"A propos de nous | Epilation laser situ\u00e9 \u00e0 Saint-Gilles","description":"Depuis 2010, notre centre d\u2019esth\u00e9tique situ\u00e9 non loin de Bruxelles vous propose son service d\u2019\u00e9pilation au laser d\u00e9finitive.","robots":{"index":"index","follow":"follow","max-snippet":"max-snippet:-1","max-image-preview":"max-image-preview:large","max-video-preview":"max-video-preview:-1"},"canonical":"https:\/\/laserestheticcare.be\/index.php\/a-propos\/","og_locale":"fr_FR","og_type":"article","og_title":"A propos de nous | Epilation laser situ\u00e9 \u00e0 Saint-Gilles","og_description":"Depuis 2010, notre centre d\u2019esth\u00e9tique situ\u00e9 non loin de Bruxelles vous propose son service d\u2019\u00e9pilation au laser d\u00e9finitive.","og_url":"https:\/\/laserestheticcare.be\/index.php\/a-propos\/","og_site_name":"Laser &amp; Esth\u00e9tic Care","article_modified_time":"2023-02-15T15:16:01+00:00","og_image":[{"url":"http:\/\/laserestheticcare.be\/wp-content\/uploads\/2023\/02\/woman-in-cosmetology-studio-on-laser-hair-removal-scaled.jpg"}],"twitter_card":"summary_large_image","twitter_misc":{"Dur\u00e9e de lecture estim\u00e9e":"2 minutes"},"schema":{"@context":"https:\/\/schema.org","@graph":[{"@type":"WebPage","@id":"https:\/\/laserestheticcare.be\/index.php\/a-propos\/","url":"https:\/\/laserestheticcare.be\/index.php\/a-propos\/","name":"A propos de nous | Epilation laser situ\u00e9 \u00e0 Saint-Gilles","isPartOf":{"@id":"https:\/\/laserestheticcare.be\/#website"},"primaryImageOfPage":{"@id":"https:\/\/laserestheticcare.be\/index.php\/a-propos\/#primaryimage"},"image":{"@id":"https:\/\/laserestheticcare.be\/index.php\/a-propos\/#primaryimage"},"thumbnailUrl":"http:\/\/laserestheticcare.be\/wp-content\/uploads\/2023\/02\/woman-in-cosmetology-studio-on-laser-hair-removal-scaled.jpg","datePublished":"2023-02-02T12:20:21+00:00","dateModified":"2023-02-15T15:16:01+00:00","description":"Depuis 2010, notre centre d\u2019esth\u00e9tique situ\u00e9 non loin de Bruxelles vous propose son service d\u2019\u00e9pilation au laser d\u00e9finitive.","breadcrumb":{"@id":"https:\/\/laserestheticcare.be\/index.php\/a-propos\/#breadcrumb"},"inLanguage":"fr-FR","potentialAction":[{"@type":"ReadAction","target":["https:\/\/laserestheticcare.be\/index.php\/a-propos\/"]}]},{"@type":"ImageObject","inLanguage":"fr-FR","@id":"https:\/\/laserestheticcare.be\/index.php\/a-propos\/#primaryimage","url":"https:\/\/laserestheticcare.be\/wp-content\/uploads\/2023\/02\/woman-in-cosmetology-studio-on-laser-hair-removal-scaled.jpg","contentUrl":"https:\/\/laserestheticcare.be\/wp-content\/uploads\/2023\/02\/woman-in-cosmetology-studio-on-laser-hair-removal-scaled.jpg","width":2560,"height":1707,"caption":"Cosmetologist use laser. Woman with cosmetologist. Lady in a beauty studio."},{"@type":"BreadcrumbList","@id":"https:\/\/laserestheticcare.be\/index.php\/a-propos\/#breadcrumb","itemListElement":[{"@type":"ListItem","position":1,"name":"Accueil","item":"https:\/\/laserestheticcare.be\/"},{"@type":"ListItem","position":2,"name":"A propos"}]},{"@type":"WebSite","@id":"https:\/\/laserestheticcare.be\/#website","url":"https:\/\/laserestheticcare.be\/","name":"Laser & Esthetic Care","description":"Centre d\u2019esth\u00e9tique situ\u00e9 \u00e0 Saint-Gilles","publisher":{"@id":"https:\/\/laserestheticcare.be\/#organization"},"potentialAction":[{"@type":"SearchAction","target":{"@type":"EntryPoint","urlTemplate":"https:\/\/laserestheticcare.be\/?s={search_term_string}"},"query-input":{"@type":"PropertyValueSpecification","valueRequired":true,"valueName":"search_term_string"}}],"inLanguage":"fr-FR"},{"@type":"Organization","@id":"https:\/\/laserestheticcare.be\/#organization","name":"Laser & Esthetic Care","url":"https:\/\/laserestheticcare.be\/","logo":{"@type":"ImageObject","inLanguage":"fr-FR","@id":"https:\/\/laserestheticcare.be\/#\/schema\/logo\/image\/","url":"http:\/\/laserestheticcare.be\/wp-content\/uploads\/2023\/01\/logo-laser-care.png","contentUrl":"http:\/\/laserestheticcare.be\/wp-content\/uploads\/2023\/01\/logo-laser-care.png","width":812,"height":274,"caption":"Laser & Esthetic Care"},"image":{"@id":"https:\/\/laserestheticcare.be\/#\/schema\/logo\/image\/"}}]}},"jetpack_sharing_enabled":true,"_links":{"self":[{"href":"https:\/\/laserestheticcare.be\/index.php\/wp-json\/wp\/v2\/pages\/4131","targetHints":{"allow":["GET"]}}],"collection":[{"href":"https:\/\/laserestheticcare.be\/index.php\/wp-json\/wp\/v2\/pages"}],"about":[{"href":"https:\/\/laserestheticcare.be\/index.php\/wp-json\/wp\/v2\/types\/page"}],"author":[{"embeddable":true,"href":"https:\/\/laserestheticcare.be\/index.php\/wp-json\/wp\/v2\/users\/2"}],"replies":[{"embeddable":true,"href":"https:\/\/laserestheticcare.be\/index.php\/wp-json\/wp\/v2\/comments?post=4131"}],"version-history":[{"count":36,"href":"https:\/\/laserestheticcare.be\/index.php\/wp-json\/wp\/v2\/pages\/4131\/revisions"}],"predecessor-version":[{"id":4373,"href":"https:\/\/laserestheticcare.be\/index.php\/wp-json\/wp\/v2\/pages\/4131\/revisions\/4373"}],"wp:attachment":[{"href":"https:\/\/laserestheticcare.be\/index.php\/wp-json\/wp\/v2\/media?parent=4131"}],"curies":[{"name":"wp","href":"https:\/\/api.w.org\/{rel}","templated":true}]}}