{"id":950,"date":"2022-08-29T03:13:54","date_gmt":"2022-08-29T03:13:54","guid":{"rendered":"https:\/\/demo.ovatheme.com\/mellis\/?post_type=product&amp;p=950"},"modified":"2024-03-23T15:27:54","modified_gmt":"2024-03-23T14:27:54","slug":"cosmetics","status":"publish","type":"product","link":"https:\/\/laserestheticcare.be\/index.php\/product\/cosmetics\/","title":{"rendered":"Cosmetics"},"content":{"rendered":"<p>Lorem ipsum dolor sit amet, cibo mundi ea duo, vim exerci phaedrum. There are many variations of passages of Lorem Ipsum available, but the majority have alteration in some injected or words which don&rsquo;t look even slightly believable. If you are going to use a passage of Lorem Ipsum, you need to be sure there isn&rsquo;t anything embarrang hidden in the middle of text.<\/p>\n<p>All the Lorem Ipsum generators on the Internet tend to repeat predefined chunks as necessary, making this the first true generator on the Internet. It uses a dictionary of over 200 Latin words, combined with a handful of model sentence structures, to generate Lorem Ipsum which looks reasonable.<\/p>\n","protected":false},"excerpt":{"rendered":"<p>Aliquam hendrerit a augue insuscipit. Etiam aliquam massa quis des mauris commodo venenatis ligula commodo leez sed blandit convallis dignissim onec vel pellentesque neque<\/p>\n","protected":false},"featured_media":0,"comment_status":"open","ping_status":"closed","template":"","meta":{"_seopress_robots_primary_cat":"","_seopress_titles_title":"","_seopress_titles_desc":"","_seopress_robots_index":""},"product_cat":[32,34],"product_tag":[],"class_list":{"0":"post-950","1":"product","2":"type-product","3":"status-publish","5":"product_cat-beauty","6":"product_cat-cosmetics","8":"first","9":"instock","10":"shipping-taxable","11":"purchasable","12":"product-type-simple"},"yoast_head":"<!-- This site is optimized with the Yoast SEO plugin v23.7 - https:\/\/yoast.com\/wordpress\/plugins\/seo\/ -->\n<title>Cosmetics - Laser &amp; Esth\u00e9tic Care<\/title>\n<meta name=\"robots\" content=\"index, follow, max-snippet:-1, max-image-preview:large, max-video-preview:-1\" \/>\n<link rel=\"canonical\" href=\"https:\/\/laserestheticcare.be\/index.php\/product\/cosmetics\/\" \/>\n<meta property=\"og:locale\" content=\"fr_FR\" \/>\n<meta property=\"og:type\" content=\"article\" \/>\n<meta property=\"og:title\" content=\"Cosmetics - Laser &amp; Esth\u00e9tic Care\" \/>\n<meta property=\"og:description\" content=\"Aliquam hendrerit a augue insuscipit. Etiam aliquam massa quis des mauris commodo venenatis ligula commodo leez sed blandit convallis dignissim onec vel pellentesque neque\" \/>\n<meta property=\"og:url\" content=\"https:\/\/laserestheticcare.be\/index.php\/product\/cosmetics\/\" \/>\n<meta property=\"og:site_name\" content=\"Laser &amp; Esth\u00e9tic Care\" \/>\n<meta property=\"article:modified_time\" content=\"2024-03-23T14:27:54+00:00\" \/>\n<meta name=\"twitter:card\" content=\"summary_large_image\" \/>\n<meta name=\"twitter:label1\" content=\"Dur\u00e9e de lecture estim\u00e9e\" \/>\n\t<meta name=\"twitter:data1\" content=\"1 minute\" \/>\n<script type=\"application\/ld+json\" class=\"yoast-schema-graph\">{\"@context\":\"https:\/\/schema.org\",\"@graph\":[{\"@type\":\"WebPage\",\"@id\":\"https:\/\/laserestheticcare.be\/index.php\/product\/cosmetics\/\",\"url\":\"https:\/\/laserestheticcare.be\/index.php\/product\/cosmetics\/\",\"name\":\"Cosmetics - Laser &amp; Esth\u00e9tic Care\",\"isPartOf\":{\"@id\":\"https:\/\/laserestheticcare.be\/#website\"},\"datePublished\":\"2022-08-29T03:13:54+00:00\",\"dateModified\":\"2024-03-23T14:27:54+00:00\",\"breadcrumb\":{\"@id\":\"https:\/\/laserestheticcare.be\/index.php\/product\/cosmetics\/#breadcrumb\"},\"inLanguage\":\"fr-FR\",\"potentialAction\":[{\"@type\":\"ReadAction\",\"target\":[\"https:\/\/laserestheticcare.be\/index.php\/product\/cosmetics\/\"]}]},{\"@type\":\"BreadcrumbList\",\"@id\":\"https:\/\/laserestheticcare.be\/index.php\/product\/cosmetics\/#breadcrumb\",\"itemListElement\":[{\"@type\":\"ListItem\",\"position\":1,\"name\":\"Accueil\",\"item\":\"http:\/\/laserestheticcare.be\/\"},{\"@type\":\"ListItem\",\"position\":2,\"name\":\"Produits\",\"item\":\"https:\/\/laserestheticcare.be\/index.php\/shop\/\"},{\"@type\":\"ListItem\",\"position\":3,\"name\":\"Cosmetics\"}]},{\"@type\":\"WebSite\",\"@id\":\"https:\/\/laserestheticcare.be\/#website\",\"url\":\"https:\/\/laserestheticcare.be\/\",\"name\":\"Laser & Esthetic Care\",\"description\":\"Centre d\u2019esth\u00e9tique situ\u00e9 \u00e0 Saint-Gilles\",\"publisher\":{\"@id\":\"https:\/\/laserestheticcare.be\/#organization\"},\"potentialAction\":[{\"@type\":\"SearchAction\",\"target\":{\"@type\":\"EntryPoint\",\"urlTemplate\":\"https:\/\/laserestheticcare.be\/?s={search_term_string}\"},\"query-input\":{\"@type\":\"PropertyValueSpecification\",\"valueRequired\":true,\"valueName\":\"search_term_string\"}}],\"inLanguage\":\"fr-FR\"},{\"@type\":\"Organization\",\"@id\":\"https:\/\/laserestheticcare.be\/#organization\",\"name\":\"Laser & Esthetic Care\",\"url\":\"https:\/\/laserestheticcare.be\/\",\"logo\":{\"@type\":\"ImageObject\",\"inLanguage\":\"fr-FR\",\"@id\":\"https:\/\/laserestheticcare.be\/#\/schema\/logo\/image\/\",\"url\":\"http:\/\/laserestheticcare.be\/wp-content\/uploads\/2023\/01\/logo-laser-care.png\",\"contentUrl\":\"http:\/\/laserestheticcare.be\/wp-content\/uploads\/2023\/01\/logo-laser-care.png\",\"width\":812,\"height\":274,\"caption\":\"Laser & Esthetic Care\"},\"image\":{\"@id\":\"https:\/\/laserestheticcare.be\/#\/schema\/logo\/image\/\"}}]}<\/script>\n<!-- \/ Yoast SEO plugin. -->","yoast_head_json":{"title":"Cosmetics - Laser &amp; Esth\u00e9tic Care","robots":{"index":"index","follow":"follow","max-snippet":"max-snippet:-1","max-image-preview":"max-image-preview:large","max-video-preview":"max-video-preview:-1"},"canonical":"https:\/\/laserestheticcare.be\/index.php\/product\/cosmetics\/","og_locale":"fr_FR","og_type":"article","og_title":"Cosmetics - Laser &amp; Esth\u00e9tic Care","og_description":"Aliquam hendrerit a augue insuscipit. Etiam aliquam massa quis des mauris commodo venenatis ligula commodo leez sed blandit convallis dignissim onec vel pellentesque neque","og_url":"https:\/\/laserestheticcare.be\/index.php\/product\/cosmetics\/","og_site_name":"Laser &amp; Esth\u00e9tic Care","article_modified_time":"2024-03-23T14:27:54+00:00","twitter_card":"summary_large_image","twitter_misc":{"Dur\u00e9e de lecture estim\u00e9e":"1 minute"},"schema":{"@context":"https:\/\/schema.org","@graph":[{"@type":"WebPage","@id":"https:\/\/laserestheticcare.be\/index.php\/product\/cosmetics\/","url":"https:\/\/laserestheticcare.be\/index.php\/product\/cosmetics\/","name":"Cosmetics - Laser &amp; Esth\u00e9tic Care","isPartOf":{"@id":"https:\/\/laserestheticcare.be\/#website"},"datePublished":"2022-08-29T03:13:54+00:00","dateModified":"2024-03-23T14:27:54+00:00","breadcrumb":{"@id":"https:\/\/laserestheticcare.be\/index.php\/product\/cosmetics\/#breadcrumb"},"inLanguage":"fr-FR","potentialAction":[{"@type":"ReadAction","target":["https:\/\/laserestheticcare.be\/index.php\/product\/cosmetics\/"]}]},{"@type":"BreadcrumbList","@id":"https:\/\/laserestheticcare.be\/index.php\/product\/cosmetics\/#breadcrumb","itemListElement":[{"@type":"ListItem","position":1,"name":"Accueil","item":"http:\/\/laserestheticcare.be\/"},{"@type":"ListItem","position":2,"name":"Produits","item":"https:\/\/laserestheticcare.be\/index.php\/shop\/"},{"@type":"ListItem","position":3,"name":"Cosmetics"}]},{"@type":"WebSite","@id":"https:\/\/laserestheticcare.be\/#website","url":"https:\/\/laserestheticcare.be\/","name":"Laser & Esthetic Care","description":"Centre d\u2019esth\u00e9tique situ\u00e9 \u00e0 Saint-Gilles","publisher":{"@id":"https:\/\/laserestheticcare.be\/#organization"},"potentialAction":[{"@type":"SearchAction","target":{"@type":"EntryPoint","urlTemplate":"https:\/\/laserestheticcare.be\/?s={search_term_string}"},"query-input":{"@type":"PropertyValueSpecification","valueRequired":true,"valueName":"search_term_string"}}],"inLanguage":"fr-FR"},{"@type":"Organization","@id":"https:\/\/laserestheticcare.be\/#organization","name":"Laser & Esthetic Care","url":"https:\/\/laserestheticcare.be\/","logo":{"@type":"ImageObject","inLanguage":"fr-FR","@id":"https:\/\/laserestheticcare.be\/#\/schema\/logo\/image\/","url":"http:\/\/laserestheticcare.be\/wp-content\/uploads\/2023\/01\/logo-laser-care.png","contentUrl":"http:\/\/laserestheticcare.be\/wp-content\/uploads\/2023\/01\/logo-laser-care.png","width":812,"height":274,"caption":"Laser & Esthetic Care"},"image":{"@id":"https:\/\/laserestheticcare.be\/#\/schema\/logo\/image\/"}}]}},"jetpack_sharing_enabled":true,"_links":{"self":[{"href":"https:\/\/laserestheticcare.be\/index.php\/wp-json\/wp\/v2\/product\/950","targetHints":{"allow":["GET"]}}],"collection":[{"href":"https:\/\/laserestheticcare.be\/index.php\/wp-json\/wp\/v2\/product"}],"about":[{"href":"https:\/\/laserestheticcare.be\/index.php\/wp-json\/wp\/v2\/types\/product"}],"replies":[{"embeddable":true,"href":"https:\/\/laserestheticcare.be\/index.php\/wp-json\/wp\/v2\/comments?post=950"}],"wp:attachment":[{"href":"https:\/\/laserestheticcare.be\/index.php\/wp-json\/wp\/v2\/media?parent=950"}],"wp:term":[{"taxonomy":"product_cat","embeddable":true,"href":"https:\/\/laserestheticcare.be\/index.php\/wp-json\/wp\/v2\/product_cat?post=950"},{"taxonomy":"product_tag","embeddable":true,"href":"https:\/\/laserestheticcare.be\/index.php\/wp-json\/wp\/v2\/product_tag?post=950"}],"curies":[{"name":"wp","href":"https:\/\/api.w.org\/{rel}","templated":true}]}}